{"id":3907,"date":"2014-11-21T17:29:42","date_gmt":"2014-11-21T17:29:42","guid":{"rendered":"http:\/\/donusumatolyesi.org\/?page_id=3907"},"modified":"2020-04-28T19:55:43","modified_gmt":"2020-04-28T19:55:43","slug":"ana-sayfa","status":"publish","type":"page","link":"https:\/\/donusumatolyesi.org\/","title":{"rendered":"Ana Sayfa"},"content":{"rendered":"<div style=\"text-align: center; font-size: 20px; line-height: 1.5;\">DAO, son oyunu Cambaz\u0131n Cenazesi&#8217;nin Tiyatro Medresesi&#8217;ndeki 14. g\u00f6sterimini ve 2014-2015 sezonundaki oyunu Kazara&#8217;y\u0131 evde oldu\u011fumuz \u015fu g\u00fcnlerde izleyicileri ile payla\u015f\u0131yor.<\/div>\n<div class=\"divider_line\"><\/div>\n<div class=\"divider_line\"><\/div>\n<div class=\"divider_line\"><\/div>\n<h2 style=\"text-align: center;\">Cambaz&#8217;\u0131n Cenazesi<\/h2>\n<p><iframe loading=\"lazy\" title=\"Cambaz\u0131n Cenazesi - 1. Perde - D\u00f6n\u00fc\u015f\u00fcm At\u00f6lyesi Oyuncular\u0131\" width=\"500\" height=\"281\" src=\"https:\/\/www.youtube.com\/embed\/AgdxNAeq10U?feature=oembed\" frameborder=\"0\" allow=\"accelerometer; autoplay; clipboard-write; encrypted-media; gyroscope; picture-in-picture; web-share\" referrerpolicy=\"strict-origin-when-cross-origin\" allowfullscreen><\/iframe><br \/>\n<div class=\"divider_line\"><\/div>\n<p><iframe loading=\"lazy\" title=\"Cambaz\u0131n Cenazesi - 2. Perde - D\u00f6n\u00fc\u015f\u00fcm At\u00f6lyesi Oyuncular\u0131\" width=\"500\" height=\"281\" src=\"https:\/\/www.youtube.com\/embed\/qEQ6Rc7VNJE?feature=oembed\" frameborder=\"0\" allow=\"accelerometer; autoplay; clipboard-write; encrypted-media; gyroscope; picture-in-picture; web-share\" referrerpolicy=\"strict-origin-when-cross-origin\" allowfullscreen><\/iframe><\/p>\n<div class=\"divider_line\"><\/div>\n<div class=\"divider_line\"><\/div>\n<div class=\"divider_line\"><\/div>\n<h2 style=\"text-align: center;\">Kazara<\/h2>\n<p><a href=\"https:\/\/youtu.be\/kZhh8fJ-iw4\">https:\/\/youtu.be\/kZhh8fJ-iw4<\/a><\/p>\n","protected":false},"excerpt":{"rendered":"<p>DAO, son oyunu Cambaz\u0131n Cenazesi&#8217;nin Tiyatro Medresesi&#8217;ndeki 14. g\u00f6sterimini ve 2014-2015 sezonundaki oyunu Kazara&#8217;y\u0131 evde oldu\u011fumuz \u015fu g\u00fcnlerde izleyicileri ile payla\u015f\u0131yor. Cambaz&#8217;\u0131n Cenazesi Kazara<\/p>\n","protected":false},"author":1,"featured_media":0,"parent":0,"menu_order":0,"comment_status":"closed","ping_status":"closed","template":"","meta":[],"_links":{"self":[{"href":"https:\/\/donusumatolyesi.org\/index.php?rest_route=\/wp\/v2\/pages\/3907"}],"collection":[{"href":"https:\/\/donusumatolyesi.org\/index.php?rest_route=\/wp\/v2\/pages"}],"about":[{"href":"https:\/\/donusumatolyesi.org\/index.php?rest_route=\/wp\/v2\/types\/page"}],"author":[{"embeddable":true,"href":"https:\/\/donusumatolyesi.org\/index.php?rest_route=\/wp\/v2\/users\/1"}],"replies":[{"embeddable":true,"href":"https:\/\/donusumatolyesi.org\/index.php?rest_route=%2Fwp%2Fv2%2Fcomments&post=3907"}],"version-history":[{"count":327,"href":"https:\/\/donusumatolyesi.org\/index.php?rest_route=\/wp\/v2\/pages\/3907\/revisions"}],"predecessor-version":[{"id":4756,"href":"https:\/\/donusumatolyesi.org\/index.php?rest_route=\/wp\/v2\/pages\/3907\/revisions\/4756"}],"wp:attachment":[{"href":"https:\/\/donusumatolyesi.org\/index.php?rest_route=%2Fwp%2Fv2%2Fmedia&parent=3907"}],"curies":[{"name":"wp","href":"https:\/\/api.w.org\/{rel}","templated":true}]}}