{"id":3917,"date":"2014-11-21T17:57:10","date_gmt":"2014-11-21T17:57:10","guid":{"rendered":"http:\/\/donusumatolyesi.org\/?page_id=3917"},"modified":"2018-12-08T19:49:42","modified_gmt":"2018-12-08T19:49:42","slug":"kadro","status":"publish","type":"page","link":"https:\/\/donusumatolyesi.org\/?page_id=3917","title":{"rendered":"Kadro"},"content":{"rendered":"<div class=\"one_half\"><div class=\"content_box rounded\"><div class=\"content_box_title\" style=\"background-color:rgba(245,245,245,1);\"><i class=\"icon-thumb-tack\" style=\"color:rgb(253,180,49)\"><\/i>Eylem SELEN<\/div><div class=\"content_box_content\" style=\"background-color:rgba(255,255,255,1);\">\n<figure class=\"image_styled alignleft\" style=\"width:152px;\">\n\t\t<div class=\"image_frame effect-icon\" style=\"\"><div class=\"image_shadow_wrap\">\n\t\t<a class=\"image_size_large image_no_link\" title=\"\" href=\"#\"><img alt=\"\" src=\"https:\/\/donusumatolyesi.org\/wp-content\/themes\/striking_r\/cache\/images\/3952_Eylem_21-150.jpg\" data-thumbnail=\"3952\" \/><\/a>\n\t\t<\/div><\/div><\/figure>\n<p style=\"text-align: justify;\">1977&#8217;de \u0130zmir&#8217;de do\u011fdu. Dokuz Eyl\u00fcl \u00dcniversitesi Jeoloji M\u00fchendisli\u011fi b\u00f6l\u00fcm\u00fcn\u00fc bitirdi. \u0130lk sahne deneyimini ilkokul y\u0131llar\u0131nda ya\u015fam\u0131\u015f, o g\u00fcn bug\u00fcnd\u00fcr sahneden uzak kalamamistir. \u015eu anda Vosmer Otomotiv&#8217;de \u00e7al\u0131\u015fmaktad\u0131r.<\/p>\n<div class=\"content_box_space\"><\/div><\/div><\/div><\/div>\n<div class=\"one_half last\"><div class=\"content_box rounded\"><div class=\"content_box_title\" style=\"background-color:rgba(245,245,245,1);\"><i class=\"icon-thumb-tack\" style=\"color:rgb(253,180,49)\"><\/i>Kemal AKKARGAN<\/div><div class=\"content_box_content\" style=\"background-color:rgba(255,255,255,1);\">\n<figure class=\"image_styled alignleft\" style=\"width:152px;\">\n\t\t<div class=\"image_frame effect-icon\" style=\"\"><div class=\"image_shadow_wrap\">\n\t\t<a class=\"image_size_large image_no_link\" title=\"\" href=\"#\"><img alt=\"\" src=\"https:\/\/donusumatolyesi.org\/wp-content\/themes\/striking_r\/cache\/images\/3950_IMG_14371-150.jpg\" data-thumbnail=\"3950\" \/><\/a>\n\t\t<\/div><\/div><\/figure>\n1985 senesinde \u0130zmir&#8217;de do\u011fdu. Tiyatroyu sevmeyen Kemal Akkargan, arada s\u0131rada orada burada DAO&#8217;da 2003 senesinden beri tiyatro yapmaktad\u0131r.<br \/>\n<div class=\"content_box_space\"><\/div><\/div><\/div><\/div><div class=\"clearboth\"><\/div>\n<div class=\"one_half\"><div class=\"content_box rounded\"><div class=\"content_box_title\" style=\"background-color:rgba(245,245,245,1);\"><i class=\"icon-thumb-tack\" style=\"color:rgb(253,180,49)\"><\/i>P\u0131nar KILI\u00c7<\/div><div class=\"content_box_content\" style=\"background-color:rgba(255,255,255,1);\">\n<figure class=\"image_styled alignleft\" style=\"width:152px;\">\n\t\t<div class=\"image_frame effect-icon\" style=\"\"><div class=\"image_shadow_wrap\">\n\t\t<a class=\"image_size_large image_no_link\" title=\"\" href=\"#\"><img alt=\"\" src=\"https:\/\/donusumatolyesi.org\/wp-content\/themes\/striking_r\/cache\/images\/3949_IMG_14401-150.jpg\" data-thumbnail=\"3949\" \/><\/a>\n\t\t<\/div><\/div><\/figure>\n<p style=\"text-align: justify;\">1984 do\u011fumlu P\u0131nar K\u0131l\u0131\u00e7 Ankara&#8217;da do\u011fmu\u015ftur. Trakya \u00dcniversitesi Mimarl\u0131k b\u00f6l\u00fcm\u00fc mezunudur. Tiyatroya ortaokul y\u0131llar\u0131nda Kar\u015f\u0131yaka Anadolu Lisesi ile ad\u0131m atm\u0131\u015ft\u0131r. \u015eu anda \u0130zmir Y\u00fcksek Teknoloji Enstit\u00fcs\u00fc Mimarl\u0131k b\u00f6l\u00fcm\u00fcnde ara\u015ft\u0131rma g\u00f6revlisi olarak \u00e7al\u0131\u015fmaktad\u0131r.<\/p>\n<div class=\"content_box_space\"><\/div><\/div><\/div><\/div>\n<div class=\"one_half last\"><div class=\"content_box rounded\"><div class=\"content_box_title\" style=\"background-color:rgba(245,245,245,1);\"><i class=\"icon-thumb-tack\" style=\"color:rgb(253,180,49)\"><\/i>\u00d6zge DOKUDUR<\/div><div class=\"content_box_content\" style=\"background-color:rgba(255,255,255,1);\">\n<figure class=\"image_styled alignleft\" style=\"width:152px;\">\n\t\t<div class=\"image_frame effect-icon\" style=\"\"><div class=\"image_shadow_wrap\">\n\t\t<a class=\"image_size_large image_no_link\" title=\"\" href=\"#\"><img alt=\"\" src=\"https:\/\/donusumatolyesi.org\/wp-content\/themes\/striking_r\/cache\/images\/3951_IMG_14411-150.jpg\" data-thumbnail=\"3951\" \/><\/a>\n\t\t<\/div><\/div><\/figure>\n<p style=\"text-align: justify;\">1987&#8217;de \u0130zmir&#8217;de do\u011fdu. Kar\u015f\u0131yaka Anadolu Lisesinde okurken tan\u0131\u015ft\u0131 tiyatroyla. End\u00fcstri M\u00fchendisli\u011fi b\u00f6l\u00fcm\u00fcnden mezun olduktan sonra da amat\u00f6r olarak tiyatroya devam etme karar\u0131 ald\u0131. Y\u00fcksek lisans\u0131n\u0131 Coventry \u00dcniversitesinde tamamlayan \u00d6zge Da\u011fl\u0131\u00f6z, DAO ile birlikteli\u011finin 8. senesinde bir otomotiv fabrikas\u0131nda \u00fcretim m\u00fchendisi olarak \u00e7al\u0131\u015fmaktad\u0131r.<\/p>\n<div class=\"content_box_space\"><\/div><\/div><\/div><\/div><div class=\"clearboth\"><\/div>\n<div class=\"one_half\"><div class=\"content_box rounded\"><div class=\"content_box_title\" style=\"background-color:rgba(245,245,245,1);\"><i class=\"icon-thumb-tack\" style=\"color:rgb(253,180,49)\"><\/i>Ahmet \u00d6ZER<\/div><div class=\"content_box_content\" style=\"background-color:rgba(255,255,255,1);\">\n<figure class=\"image_styled alignleft\" style=\"width:152px;\">\n\t\t<div class=\"image_frame effect-icon\" style=\"\"><div class=\"image_shadow_wrap\">\n\t\t<a class=\"image_size_large image_no_link\" title=\"\" href=\"#\"><img alt=\"\" src=\"https:\/\/donusumatolyesi.org\/wp-content\/uploads\/2018\/12\/ahmet_ozer.jpg\" data-thumbnail=\"4435\" \/><\/a>\n\t\t<\/div><\/div><\/figure>\n<p style=\"text-align: justify;\">1985 y\u0131l\u0131nda \u0130zmir\u2019de do\u011fdu. Tiyatro Tiyatro grubuyla 1998 senesinde tiyatro yapmaya ba\u015flad\u0131. O tarihten beri pek \u00e7ok ekiple \u00e7al\u0131\u015ft\u0131. 2000 senesinde Tiyatro Kordelya\u2019y\u0131 kurdu. Tiyatro Kordelya ekibi ile Kar\u015f\u0131yaka 1. ve 2. Amat\u00f6r Tiyatro G\u00fcnlerini d\u00fczenledi. 2005 senesinde Tiyatro Kordelya\u2019n\u0131n da\u011f\u0131lmas\u0131yla D\u00f6n\u00fc\u015f\u00fcm At\u00f6lyesi Oyuncular\u0131\u2019n\u0131 kurdu. 2013-2015 seneleri aras\u0131nda \u0130stanbul\u2019da Mekan Art\u0131\u2019da tiyatro hayat\u0131na devam etti. Mekan Art\u0131\u2019da oyunculuk \u00e7al\u0131\u015fmalar\u0131n\u0131n yan\u0131na sahne arkas\u0131 \u00e7al\u0131\u015fmalar\u0131n\u0131 da ekledi. 2015 senesinde \u0130zmir\u2019e ve D\u00f6n\u00fc\u015f\u00fcm At\u00f6lyesi Oyuncular\u0131na geri d\u00f6nd\u00fc. Ayn\u0131 zamanda \u0130sem \u0130zmir Sanat Etkinlikleri Merkezinde ve Konak Belediyesi Tiyatro Konak\u2019ta oyuncu olarak g\u00f6rev yapmaktad\u0131r. 1998 senesinden beri pek \u00e7ok toplulukta pek \u00e7ok oyunda yer ald\u0131, e\u011fitim ald\u0131\u011f\u0131 okullarda tiyatro kl\u00fcpleri kurdu, oyunlar sahneledi, tiyatro e\u011fitmenli\u011fi yapt\u0131. Rol ald\u0131\u011f\u0131 oyunlardan baz\u0131lar\u0131; Deli Akl\u0131, K\u00f6r Padi\u015fah, Yuppi Hayat, Balkon, Ku\u015flar, Gi\u015fe, Cambaz\u0131n Cenazesi. Rol ald\u0131\u011f\u0131 kamera \u00f6n\u00fc i\u015flerden baz\u0131lar\u0131; Emanet(K\u0131sa Film), Gece(K\u0131sa Film), Cinayet(Dizi), Beni B\u00f6yle Sev(Dizi), Sardunya(Uzun Metraj Film)<\/p>\n<div class=\"content_box_space\"><\/div><\/div><\/div><\/div>\n<div class=\"one_half last\"><div class=\"content_box rounded\"><div class=\"content_box_title\" style=\"background-color:rgba(245,245,245,1);\"><i class=\"icon-thumb-tack\" style=\"color:rgb(253,180,49)\"><\/i>Setenay \u00d6ZAYDEM\u0130R AKIN<\/div><div class=\"content_box_content\" style=\"background-color:rgba(255,255,255,1);\">\n<figure class=\"image_styled alignleft\" style=\"width:152px;\">\n\t\t<div class=\"image_frame effect-icon\" style=\"\"><div class=\"image_shadow_wrap\">\n\t\t<a class=\"image_size_large image_no_link\" title=\"\" href=\"#\"><img alt=\"\" src=\"https:\/\/donusumatolyesi.org\/wp-content\/themes\/striking_r\/cache\/images\/3948_IMG_14381-150.jpg\" data-thumbnail=\"3948\" \/><\/a>\n\t\t<\/div><\/div><\/figure>\n<p style=\"text-align: justify;\">1984 y\u0131l\u0131nda \u0130zmir&#8217;de do\u011fdu.. -\u0130stanbul&#8217;lu olamad\u0131- Ortaokulda bir g\u00fcn tuttu bir arkada\u015f\u0131 kolundan okul tiyatrosuna soktu.. -Parlayan yetenek olamad\u0131- nas\u0131l bir toz yuttuysa \u00f6ks\u00fcr\u00fc\u011f\u00fc kronik oldu. K\u00fc\u00e7\u00fck oldu, ergen oldu, b\u00fcy\u00fck oldu, yine k\u00fc\u00e7\u00fck oldu, -ya\u015f\u0131n\u0131n adam\u0131 olamad\u0131- abla oldu, \u00f6\u011fretmen oldu, -arada sa\u00e7ma sapan bi s\u00fcr\u00fc \u015fey oldu- b\u00fcy\u00fck adam olamad\u0131, -arkeolog bile olamad\u0131- a\u015f\u0131k oldu, gelin oldu -elinin hamuruyla oturamad\u0131- hi\u00e7 olmam derken bankac\u0131 bile oldu.. De\u011fi\u015fti durdu d\u00f6n\u00fc\u015ft\u00fc durdu.. Devam eden tek \u015fey ve ka\u00e7\u0131n\u0131lmaz olan &#8220;D\u00f6n\u00fc\u015f\u00fcm At\u00f6lyesi&#8221; kendini aramas\u0131na ara\u00e7 oldu. Bazen d\u00fc\u015fmesine, bazen kalkmas\u0131na sebep oldu.. G\u00fcn\u00fcn sonunda hepsi sahneden gelip ge\u00e7mi\u015f bir ho\u015f sada oldu..<\/p>\n<div class=\"content_box_space\"><\/div><\/div><\/div><\/div><div class=\"clearboth\"><\/div>\n<div class=\"one_half\"><div class=\"content_box rounded\"><div class=\"content_box_title\" style=\"background-color:rgba(245,245,245,1);\"><i class=\"icon-thumb-tack\" style=\"color:rgb(253,180,49)\"><\/i>Altu\u011f HAS\u00d6ZBEK<\/div><div class=\"content_box_content\" style=\"background-color:rgba(255,255,255,1);\">\n<figure class=\"image_styled alignleft\" style=\"width:152px;\">\n\t\t<div class=\"image_frame effect-icon\" style=\"\"><div class=\"image_shadow_wrap\">\n\t\t<a class=\"image_size_large image_no_link\" title=\"\" href=\"#\"><img alt=\"\" src=\"https:\/\/donusumatolyesi.org\/wp-content\/themes\/striking_r\/cache\/images\/3928_IMG-1484-150.jpg\" data-thumbnail=\"3928\" \/><\/a>\n\t\t<\/div><\/div><\/figure>\n<p style=\"text-align: justify;\">Ailesinin, bu \u00e7ocuktan tiyatrocu olmaz dedikleri \u00e7ocu\u011fumu\u015f Altu\u011f Has\u00f6zbek. Ol(a)mam\u0131\u015fta zaten! 15 y\u0131ld\u0131r orada-burada-\u015furada denecek sahne(leme) tecr\u00fcbesi ile bir g\u00f6\u00e7ebe hayat\u0131 s\u00fcrmekteymi\u015f. \u00c7ark akademisyenlik fele\u011fini f\u0131s\u0131ldad\u0131\u011f\u0131nda DAO ile tan\u0131\u015fm\u0131\u015f. Ehh i\u015fte o g\u00fcnd\u00fcr bug\u00fcnd\u00fcr dil de s\u00fcr\u00e7\u00fcyormu\u015f, beden de.<\/p>\n<div class=\"content_box_space\"><\/div><\/div><\/div><\/div>\n<div class=\"one_half last\"><\/div><div class=\"clearboth\"><\/div>\n<h4>Eme\u011fi Ge\u00e7enler<\/h4>\n<ul class=\"list9 list_color_yellow\">\n<li>Sera AKINCILAR<\/li>\n<li>Merve TAN<\/li>\n<li>F\u0131rat F\u0130NCANCI<\/li>\n<li>Nezih DUMRAL<\/li>\n<li>Onur AKBAL<\/li>\n<\/ul>\n","protected":false},"excerpt":{"rendered":"<p>Eme\u011fi Ge\u00e7enler<\/p>\n","protected":false},"author":1,"featured_media":0,"parent":0,"menu_order":0,"comment_status":"closed","ping_status":"closed","template":"","meta":[],"_links":{"self":[{"href":"https:\/\/donusumatolyesi.org\/index.php?rest_route=\/wp\/v2\/pages\/3917"}],"collection":[{"href":"https:\/\/donusumatolyesi.org\/index.php?rest_route=\/wp\/v2\/pages"}],"about":[{"href":"https:\/\/donusumatolyesi.org\/index.php?rest_route=\/wp\/v2\/types\/page"}],"author":[{"embeddable":true,"href":"https:\/\/donusumatolyesi.org\/index.php?rest_route=\/wp\/v2\/users\/1"}],"replies":[{"embeddable":true,"href":"https:\/\/donusumatolyesi.org\/index.php?rest_route=%2Fwp%2Fv2%2Fcomments&post=3917"}],"version-history":[{"count":18,"href":"https:\/\/donusumatolyesi.org\/index.php?rest_route=\/wp\/v2\/pages\/3917\/revisions"}],"predecessor-version":[{"id":3921,"href":"https:\/\/donusumatolyesi.org\/index.php?rest_route=\/wp\/v2\/pages\/3917\/revisions\/3921"}],"wp:attachment":[{"href":"https:\/\/donusumatolyesi.org\/index.php?rest_route=%2Fwp%2Fv2%2Fmedia&parent=3917"}],"curies":[{"name":"wp","href":"https:\/\/api.w.org\/{rel}","templated":true}]}}