{"id":3963,"date":"2014-11-21T23:31:55","date_gmt":"2014-11-21T23:31:55","guid":{"rendered":"http:\/\/donusumatolyesi.org\/?page_id=3963"},"modified":"2014-11-26T18:43:38","modified_gmt":"2014-11-26T18:43:38","slug":"oyunlarimiz","status":"publish","type":"page","link":"https:\/\/donusumatolyesi.org\/?page_id=3963","title":{"rendered":"Oyunlar\u0131m\u0131z"},"content":{"rendered":"<div id=\"masonry_47\" class=\"masonry_container masonry_column_3 masonry_only_image\"><ul class=\"masonry_items\"><li class=\"masonry_item\"><\/li><li class=\"masonry_item\"><\/li><li class=\"masonry_item\"><div class=\"masonry_item_image\"><a href=\"https:\/\/donusumatolyesi.org\/?p=3983\" title=\"Permanent Link to 2007 | Balkon\"><img src=\"https:\/\/donusumatolyesi.org\/wp-content\/themes\/striking_r\/cache\/images\/3995_afis-balkon-470.jpg\" alt=\"2007 | Balkon\" \/><span class=\"masonry_item_image_overlay\"><\/span><\/a><\/div><\/li><li class=\"masonry_item\"><div class=\"masonry_item_image\"><a href=\"https:\/\/donusumatolyesi.org\/?p=3981\" title=\"Permanent Link to 2008 | D\u00fc\u011f\u00fcmler-imiz\"><img src=\"https:\/\/donusumatolyesi.org\/wp-content\/themes\/striking_r\/cache\/images\/3996_afis-dugumlerimiz-2-726x1024-470.jpg\" alt=\"2008 | D\u00fc\u011f\u00fcmler-imiz\" \/><span class=\"masonry_item_image_overlay\"><\/span><\/a><\/div><\/li><li class=\"masonry_item\"><div class=\"masonry_item_image\"><a href=\"https:\/\/donusumatolyesi.org\/?p=3979\" title=\"Permanent Link to 2009 | Normal\"><img src=\"https:\/\/donusumatolyesi.org\/wp-content\/themes\/striking_r\/cache\/images\/4151_afis-normal-726x1024-470.jpg\" alt=\"2009 | Normal\" \/><span class=\"masonry_item_image_overlay\"><\/span><\/a><\/div><\/li><li class=\"masonry_item\"><div class=\"masonry_item_image\"><a href=\"https:\/\/donusumatolyesi.org\/?p=3977\" title=\"Permanent Link to 2006 | Yuppi Hayat\"><img src=\"https:\/\/donusumatolyesi.org\/wp-content\/themes\/striking_r\/cache\/images\/3998_afis-yuppi-hayat-732x1024-470.jpg\" alt=\"2006 | Yuppi Hayat\" \/><span class=\"masonry_item_image_overlay\"><\/span><\/a><\/div><\/li><li class=\"masonry_item\"><div class=\"masonry_item_image\"><a href=\"https:\/\/donusumatolyesi.org\/?p=3975\" title=\"Permanent Link to 2011 | Gi\u015fe\"><img src=\"https:\/\/donusumatolyesi.org\/wp-content\/themes\/striking_r\/cache\/images\/3999_afis-gise-724x1024-470.jpg\" alt=\"2011 | Gi\u015fe\" \/><span class=\"masonry_item_image_overlay\"><\/span><\/a><\/div><\/li><li class=\"masonry_item\"><div class=\"masonry_item_image\"><a href=\"https:\/\/donusumatolyesi.org\/?p=3973\" title=\"Permanent Link to 2007 |\u00a0Bo\u011fa Zart Zurt Masal\u0131\"><img src=\"https:\/\/donusumatolyesi.org\/wp-content\/themes\/striking_r\/cache\/images\/4000_afis-boga-zart-zurt-masal-724x1024-470.jpg\" alt=\"2007 |\u00a0Bo\u011fa Zart Zurt Masal\u0131\" \/><span class=\"masonry_item_image_overlay\"><\/span><\/a><\/div><\/li><\/ul><script>\n\tjQuery(document).ready(function($){\n\t\tvar container = $('#masonry_47').addClass('masonry_isotope');\n\n\t\tcontainer.imagesLoaded3(function(){\n\t\t\tcontainer.children('ul').isotope({\n\t\t\t\titemSelector: '.masonry_item',\n\t\t\t\tlayoutMode: 'masonry',\n\t\t\t\tmasonry: {\n\t\t\t\t\tgutter: 20\n\t\t\t\t}\n\t\t\t});\n\t\t});\n\t});\n<\/script><\/div>\n<p>&nbsp;<\/p>\n","protected":false},"excerpt":{"rendered":"<p>&nbsp;<\/p>\n","protected":false},"author":1,"featured_media":0,"parent":0,"menu_order":0,"comment_status":"closed","ping_status":"closed","template":"","meta":[],"_links":{"self":[{"href":"https:\/\/donusumatolyesi.org\/index.php?rest_route=\/wp\/v2\/pages\/3963"}],"collection":[{"href":"https:\/\/donusumatolyesi.org\/index.php?rest_route=\/wp\/v2\/pages"}],"about":[{"href":"https:\/\/donusumatolyesi.org\/index.php?rest_route=\/wp\/v2\/types\/page"}],"author":[{"embeddable":true,"href":"https:\/\/donusumatolyesi.org\/index.php?rest_route=\/wp\/v2\/users\/1"}],"replies":[{"embeddable":true,"href":"https:\/\/donusumatolyesi.org\/index.php?rest_route=%2Fwp%2Fv2%2Fcomments&post=3963"}],"version-history":[{"count":18,"href":"https:\/\/donusumatolyesi.org\/index.php?rest_route=\/wp\/v2\/pages\/3963\/revisions"}],"predecessor-version":[{"id":4214,"href":"https:\/\/donusumatolyesi.org\/index.php?rest_route=\/wp\/v2\/pages\/3963\/revisions\/4214"}],"wp:attachment":[{"href":"https:\/\/donusumatolyesi.org\/index.php?rest_route=%2Fwp%2Fv2%2Fmedia&parent=3963"}],"curies":[{"name":"wp","href":"https:\/\/api.w.org\/{rel}","templated":true}]}}