{"id":4239,"date":"2015-01-27T20:44:19","date_gmt":"2015-01-27T20:44:19","guid":{"rendered":"http:\/\/donusumatolyesi.org\/?page_id=4239"},"modified":"2019-12-16T17:39:48","modified_gmt":"2019-12-16T17:39:48","slug":"etkinlik-takvimi","status":"publish","type":"page","link":"https:\/\/donusumatolyesi.org\/?page_id=4239","title":{"rendered":"Etkinlik Takvimi"},"content":{"rendered":"\n<h3 style=\"text-align: center;\">Cambaz\u0131n Cenazesi<\/h3>\n<p style=\"text-align: center;\"><div class=\"framed_box aligncenter\" style=\"width:50%;\"><div class=\"framed_box_content\" style=\"background-color:rgba(250,250,250,1);\">\n<h4 style=\"text-align: center;\">27 Aral\u0131k 2019<\/h4>\n<h5 style=\"text-align: center;\">20:30<\/h5>\n<h5 style=\"text-align: center;\">Sahne Terminal<\/h5>\n<p style=\"text-align: center;\"><div class=\"framed_box_space\"><\/div><\/div><\/div>\n<p style=\"text-align: center;\"><div class=\"framed_box aligncenter\" style=\"width:50%;\"><div class=\"framed_box_content\" style=\"background-color:rgba(230,230,230,1);\">\n<h4 style=\"text-align: center;\"><span style=\"color: #999999;\">24 May\u0131s 2019<\/span><\/h4>\n<h5 style=\"text-align: center;\"><span style=\"color: #999999;\">20:00<\/span><\/h5>\n<h5 style=\"text-align: center;\"><span style=\"color: #999999;\">Artistik \u0130\u015fler<\/span><\/h5>\n<p style=\"text-align: center;\"><div class=\"framed_box_space\"><\/div><\/div><\/div>\n<p style=\"text-align: center;\"><div class=\"framed_box aligncenter\" style=\"width:50%;\"><div class=\"framed_box_content\" style=\"background-color:rgba(230,230,230,1);\">\n<h4 style=\"text-align: center;\"><span style=\"color: #999999;\">11 May\u0131s 2019<\/span><\/h4>\n<h5 style=\"text-align: center;\"><span style=\"color: #999999;\">21:00<\/span><\/h5>\n<h5 style=\"text-align: center;\"><span style=\"color: #999999;\">\u0130kincikat, \u0130stanbul<\/span><\/h5>\n<p style=\"text-align: center;\"><div class=\"framed_box_space\"><\/div><\/div><\/div>\n<p style=\"text-align: center;\"><div class=\"framed_box aligncenter\" style=\"width:50%;\"><div class=\"framed_box_content\" style=\"background-color:rgba(230,230,230,1);\">\n<h4 style=\"text-align: center;\"><span style=\"color: #999999;\">26 \u015eubat 2019<\/span><\/h4>\n<h5 style=\"text-align: center;\"><span style=\"color: #999999;\">20:00<\/span><\/h5>\n<h5 style=\"text-align: center;\"><span style=\"color: #999999;\">Naz\u0131m Hikmet K\u00fclt\u00fcr Merkezi, \u0130zmir Konak Halk Sahnesi<\/span><\/h5>\n<p style=\"text-align: center;\"><div class=\"framed_box_space\"><\/div><\/div><\/div>\n<p style=\"text-align: center;\"><div class=\"framed_box aligncenter\" style=\"width:50%;\"><div class=\"framed_box_content\" style=\"background-color:rgba(230,230,230,1);\">\n<h4 style=\"text-align: center;\"><span style=\"color: #999999;\">12 \u015eubat 2019<\/span><\/h4>\n<h5 style=\"text-align: center;\"><span style=\"color: #999999;\">20:00<\/span><\/h5>\n<h5 style=\"text-align: center;\"><span style=\"color: #999999;\">Boyoz Akademi Sanat Merkezi<\/span><\/h5>\n<p style=\"text-align: center;\"><div class=\"framed_box_space\"><\/div><\/div><\/div>\n<p style=\"text-align: center;\"><div class=\"framed_box aligncenter\" style=\"width:50%;\"><div class=\"framed_box_content\" style=\"background-color:rgba(230,230,230,1);\">\n<h4 style=\"text-align: center;\"><span style=\"color: #999999;\">20 Ocak 2019<\/span><\/h4>\n<h5 style=\"text-align: center;\"><span style=\"color: #999999;\">16:00<\/span><\/h5>\n<h5 style=\"text-align: center;\"><span style=\"color: #999999;\">\u0130stanbul DC Kozmos Sahne<\/span><\/h5>\n<p style=\"text-align: center;\"><div class=\"framed_box_space\"><\/div><\/div><\/div>\n<p style=\"text-align: center;\"><div class=\"framed_box aligncenter\" style=\"width:50%;\"><div class=\"framed_box_content\" style=\"background-color:rgba(230,230,230,1);\">\n<h4 style=\"text-align: center;\"><span style=\"color: #999999;\">17 Ocak 2019<\/span><\/h4>\n<h5 style=\"text-align: center;\"><span style=\"color: #999999;\">20:00<\/span><\/h5>\n<h5 style=\"text-align: center;\"><span style=\"color: #999999;\">Alsancak Sahne Terminal<\/span><\/h5>\n<p style=\"text-align: center;\"><div class=\"framed_box_space\"><\/div><\/div><\/div>\n<p style=\"text-align: center;\"><div class=\"framed_box aligncenter\" style=\"width:50%;\"><div class=\"framed_box_content\" style=\"background-color:rgba(230,230,230,1);\">\n<h4 style=\"text-align: center;\"><span style=\"color: #999999;\">11 Ocak 2019<\/span><\/h4>\n<h5 style=\"text-align: center;\"><span style=\"color: #999999;\">20:00<\/span><\/h5>\n<h5 style=\"text-align: center;\"><span style=\"color: #999999;\">Kars\u0131yaka Boyoz Akademi<\/span><\/h5>\n<p style=\"text-align: center;\"><div class=\"framed_box_space\"><\/div><\/div><\/div>\n<p style=\"text-align: center;\"><div class=\"framed_box aligncenter\" style=\"width:50%;\"><div class=\"framed_box_content\" style=\"background-color:rgba(230,230,230,1);\">\n<h4 style=\"text-align: center;\"><span style=\"color: #999999;\">22 Aral\u0131k 2018<\/span><\/h4>\n<h5 style=\"text-align: center;\"><span style=\"color: #999999;\">22:00<\/span><\/h5>\n<h5 style=\"text-align: center;\"><span style=\"color: #999999;\">Alsancak Sahne Terminal<\/span><\/h5>\n<p style=\"text-align: center;\"><div class=\"framed_box_space\"><\/div><\/div><\/div>\n<p style=\"text-align: center;\"><div class=\"framed_box aligncenter\" style=\"width:50%;\"><div class=\"framed_box_content\" style=\"background-color:rgba(230,230,230,1);\">\n<h4 style=\"text-align: center;\"><span style=\"color: #999999;\">02 Aral\u0131k 2018<\/span><\/h4>\n<h5 style=\"text-align: center;\"><span style=\"color: #999999;\">18:00<\/span><\/h5>\n<h5 style=\"text-align: center;\"><span style=\"color: #999999;\">\u0130zmir Sanat K\u00fclt\u00fcr Merkezi (Fuar)<\/span><\/h5>\n<p style=\"text-align: center;\"><div class=\"framed_box_space\"><\/div><\/div><\/div>\n","protected":false},"excerpt":{"rendered":"<p>Cambaz\u0131n Cenazesi<\/p>\n","protected":false},"author":1,"featured_media":0,"parent":0,"menu_order":0,"comment_status":"closed","ping_status":"closed","template":"","meta":[],"_links":{"self":[{"href":"https:\/\/donusumatolyesi.org\/index.php?rest_route=\/wp\/v2\/pages\/4239"}],"collection":[{"href":"https:\/\/donusumatolyesi.org\/index.php?rest_route=\/wp\/v2\/pages"}],"about":[{"href":"https:\/\/donusumatolyesi.org\/index.php?rest_route=\/wp\/v2\/types\/page"}],"author":[{"embeddable":true,"href":"https:\/\/donusumatolyesi.org\/index.php?rest_route=\/wp\/v2\/users\/1"}],"replies":[{"embeddable":true,"href":"https:\/\/donusumatolyesi.org\/index.php?rest_route=%2Fwp%2Fv2%2Fcomments&post=4239"}],"version-history":[{"count":93,"href":"https:\/\/donusumatolyesi.org\/index.php?rest_route=\/wp\/v2\/pages\/4239\/revisions"}],"predecessor-version":[{"id":4638,"href":"https:\/\/donusumatolyesi.org\/index.php?rest_route=\/wp\/v2\/pages\/4239\/revisions\/4638"}],"wp:attachment":[{"href":"https:\/\/donusumatolyesi.org\/index.php?rest_route=%2Fwp%2Fv2%2Fmedia&parent=4239"}],"curies":[{"name":"wp","href":"https:\/\/api.w.org\/{rel}","templated":true}]}}